{"id":1759,"date":"2021-02-12T10:33:38","date_gmt":"2021-02-12T10:33:38","guid":{"rendered":"https:\/\/comercialcobra.com\/non%20class\u00e9\/supports-ceramique-industrielle\/"},"modified":"2021-10-15T08:56:46","modified_gmt":"2021-10-15T08:56:46","slug":"supports-ceramique-industrielle","status":"publish","type":"product","link":"https:\/\/comercialcobra.com\/fr\/catalogue-fr\/supports-ceramique-industrielle\/","title":{"rendered":"Supports"},"content":{"rendered":"<p>texto largo no usar<\/p>\n","protected":false},"excerpt":{"rendered":"<p>Dans les usines de nos collaborateurs, nous r\u00e9alisons les produits c\u00e9ramiques selon le mod\u00e8le du client. Mais aussi selon ses instructions et en respectant toutes les exigences et tous les d\u00e9tails. Nous nous chargeons de l\u2019\u00e9laboration des pi\u00e8ces depuis la phase initiale et du prototypage, jusqu\u2019\u00e0 la production en s\u00e9rie.<\/p>\n","protected":false},"featured_media":1144,"comment_status":"open","ping_status":"closed","template":"","meta":[],"product_cat":[88],"product_tag":[97,101,103],"acf":[],"_links":{"self":[{"href":"https:\/\/comercialcobra.com\/fr\/wp-json\/wp\/v2\/product\/1759"}],"collection":[{"href":"https:\/\/comercialcobra.com\/fr\/wp-json\/wp\/v2\/product"}],"about":[{"href":"https:\/\/comercialcobra.com\/fr\/wp-json\/wp\/v2\/types\/product"}],"replies":[{"embeddable":true,"href":"https:\/\/comercialcobra.com\/fr\/wp-json\/wp\/v2\/comments?post=1759"}],"wp:featuredmedia":[{"embeddable":true,"href":"https:\/\/comercialcobra.com\/fr\/wp-json\/wp\/v2\/media\/1144"}],"wp:attachment":[{"href":"https:\/\/comercialcobra.com\/fr\/wp-json\/wp\/v2\/media?parent=1759"}],"wp:term":[{"taxonomy":"product_cat","embeddable":true,"href":"https:\/\/comercialcobra.com\/fr\/wp-json\/wp\/v2\/product_cat?post=1759"},{"taxonomy":"product_tag","embeddable":true,"href":"https:\/\/comercialcobra.com\/fr\/wp-json\/wp\/v2\/product_tag?post=1759"}],"curies":[{"name":"wp","href":"https:\/\/api.w.org\/{rel}","templated":true}]}}