{"id":1757,"date":"2021-02-14T21:02:54","date_gmt":"2021-02-14T21:02:54","guid":{"rendered":"https:\/\/comercialcobra.com\/non%20class\u00e9\/poulies-ceramique-industrielle\/"},"modified":"2021-10-15T08:39:06","modified_gmt":"2021-10-15T08:39:06","slug":"poulies-ceramique-industrielle","status":"publish","type":"product","link":"https:\/\/comercialcobra.com\/fr\/catalogue-fr\/poulies-ceramique-industrielle\/","title":{"rendered":"Poulies"},"content":{"rendered":"<p>texto largo no usar<\/p>\n","protected":false},"excerpt":{"rendered":"<p>Pi\u00e8ces fabriqu\u00e9es en ST\u00c9ATITE BETA-221, type KER 221, conforme aux normes DIN 40685 \u2013 EN 60672, \u00e0 la surface lisse et \u00e0 la finition parfaite. Mat\u00e9riau \u00e0 grande r\u00e9sistance m\u00e9canique et sans absorption d\u2019humidit\u00e9. Indiqu\u00e9 pour les isolants de conducteurs qui sont soumis \u00e0 des temp\u00e9ratures auxquelles d\u2019autres types d\u2019isolations ne r\u00e9sistent pas.<\/p>\n","protected":false},"featured_media":1216,"comment_status":"open","ping_status":"closed","template":"","meta":[],"product_cat":[88],"product_tag":[100],"acf":[],"_links":{"self":[{"href":"https:\/\/comercialcobra.com\/fr\/wp-json\/wp\/v2\/product\/1757"}],"collection":[{"href":"https:\/\/comercialcobra.com\/fr\/wp-json\/wp\/v2\/product"}],"about":[{"href":"https:\/\/comercialcobra.com\/fr\/wp-json\/wp\/v2\/types\/product"}],"replies":[{"embeddable":true,"href":"https:\/\/comercialcobra.com\/fr\/wp-json\/wp\/v2\/comments?post=1757"}],"wp:featuredmedia":[{"embeddable":true,"href":"https:\/\/comercialcobra.com\/fr\/wp-json\/wp\/v2\/media\/1216"}],"wp:attachment":[{"href":"https:\/\/comercialcobra.com\/fr\/wp-json\/wp\/v2\/media?parent=1757"}],"wp:term":[{"taxonomy":"product_cat","embeddable":true,"href":"https:\/\/comercialcobra.com\/fr\/wp-json\/wp\/v2\/product_cat?post=1757"},{"taxonomy":"product_tag","embeddable":true,"href":"https:\/\/comercialcobra.com\/fr\/wp-json\/wp\/v2\/product_tag?post=1757"}],"curies":[{"name":"wp","href":"https:\/\/api.w.org\/{rel}","templated":true}]}}