{"id":1756,"date":"2021-02-15T12:54:19","date_gmt":"2021-02-15T12:54:19","guid":{"rendered":"https:\/\/comercialcobra.com\/non%20class\u00e9\/plaques-de-moteur-ceramique\/"},"modified":"2021-07-07T15:37:24","modified_gmt":"2021-07-07T15:37:24","slug":"plaques-de-moteur-ceramique","status":"publish","type":"product","link":"https:\/\/comercialcobra.com\/fr\/catalogue-fr\/plaques-de-moteur-ceramique\/","title":{"rendered":"Plaques de moteur"},"content":{"rendered":"<p>texto largo no usar<\/p>\n","protected":false},"excerpt":{"rendered":"<p>Plaques de moteur<br \/>\nSt\u00e9atite BETA-221, type KER 221, conforme aux normes DIN 40685 \u2013  EN 60672. Plaques utilis\u00e9es pour isoler des conducteurs, pour leurs excellentes propri\u00e9t\u00e9s di\u00e9lectriques et leur stabilit\u00e9 \u00e0 haute temp\u00e9rature (plus stables que n\u2019importe quel autre type d\u2019isolant).<\/p>\n","protected":false},"featured_media":943,"comment_status":"open","ping_status":"closed","template":"","meta":[],"product_cat":[88],"product_tag":[97,98,99],"acf":[],"_links":{"self":[{"href":"https:\/\/comercialcobra.com\/fr\/wp-json\/wp\/v2\/product\/1756"}],"collection":[{"href":"https:\/\/comercialcobra.com\/fr\/wp-json\/wp\/v2\/product"}],"about":[{"href":"https:\/\/comercialcobra.com\/fr\/wp-json\/wp\/v2\/types\/product"}],"replies":[{"embeddable":true,"href":"https:\/\/comercialcobra.com\/fr\/wp-json\/wp\/v2\/comments?post=1756"}],"wp:featuredmedia":[{"embeddable":true,"href":"https:\/\/comercialcobra.com\/fr\/wp-json\/wp\/v2\/media\/943"}],"wp:attachment":[{"href":"https:\/\/comercialcobra.com\/fr\/wp-json\/wp\/v2\/media?parent=1756"}],"wp:term":[{"taxonomy":"product_cat","embeddable":true,"href":"https:\/\/comercialcobra.com\/fr\/wp-json\/wp\/v2\/product_cat?post=1756"},{"taxonomy":"product_tag","embeddable":true,"href":"https:\/\/comercialcobra.com\/fr\/wp-json\/wp\/v2\/product_tag?post=1756"}],"curies":[{"name":"wp","href":"https:\/\/api.w.org\/{rel}","templated":true}]}}