{"id":1754,"date":"2021-02-17T21:11:52","date_gmt":"2021-02-17T21:11:52","guid":{"rendered":"https:\/\/comercialcobra.com\/non%20class\u00e9\/barillets-ceramique\/"},"modified":"2021-10-21T11:17:23","modified_gmt":"2021-10-21T11:17:23","slug":"barillets-ceramique","status":"publish","type":"product","link":"https:\/\/comercialcobra.com\/fr\/catalogue-fr\/barillets-ceramique\/","title":{"rendered":"Barillets"},"content":{"rendered":"<p>texto largo no usar<\/p>\n","protected":false},"excerpt":{"rendered":"<p>Tubes c\u00e9ramiques \u00e0 plusieurs canaux ouverts ou ferm\u00e9s, disques et bornes, pour supports de r\u00e9sistances.<\/p>\n<p>Mat\u00e9riaux :<br \/>\nCordi\u00e9rite type KER 510 ou 511, conforme aux normes DIN 40685 \u2013 EN 60672.<br \/>\nSt\u00e9atite type KER 220 ou 221, conforme aux normes DIN 40685 \u2013 EN 60672.<\/p>\n","protected":false},"featured_media":931,"comment_status":"open","ping_status":"closed","template":"","meta":[],"product_cat":[88],"product_tag":[95],"acf":[],"_links":{"self":[{"href":"https:\/\/comercialcobra.com\/fr\/wp-json\/wp\/v2\/product\/1754"}],"collection":[{"href":"https:\/\/comercialcobra.com\/fr\/wp-json\/wp\/v2\/product"}],"about":[{"href":"https:\/\/comercialcobra.com\/fr\/wp-json\/wp\/v2\/types\/product"}],"replies":[{"embeddable":true,"href":"https:\/\/comercialcobra.com\/fr\/wp-json\/wp\/v2\/comments?post=1754"}],"wp:featuredmedia":[{"embeddable":true,"href":"https:\/\/comercialcobra.com\/fr\/wp-json\/wp\/v2\/media\/931"}],"wp:attachment":[{"href":"https:\/\/comercialcobra.com\/fr\/wp-json\/wp\/v2\/media?parent=1754"}],"wp:term":[{"taxonomy":"product_cat","embeddable":true,"href":"https:\/\/comercialcobra.com\/fr\/wp-json\/wp\/v2\/product_cat?post=1754"},{"taxonomy":"product_tag","embeddable":true,"href":"https:\/\/comercialcobra.com\/fr\/wp-json\/wp\/v2\/product_tag?post=1754"}],"curies":[{"name":"wp","href":"https:\/\/api.w.org\/{rel}","templated":true}]}}