{"id":1752,"date":"2021-02-19T22:56:43","date_gmt":"2021-02-19T22:56:43","guid":{"rendered":"https:\/\/comercialcobra.com\/non%20class\u00e9\/traversee-steatite-ceramique\/"},"modified":"2021-10-13T16:47:32","modified_gmt":"2021-10-13T16:47:32","slug":"traversee-steatite-ceramique","status":"publish","type":"product","link":"https:\/\/comercialcobra.com\/fr\/catalogue-fr\/traversee-steatite-ceramique\/","title":{"rendered":"Travers\u00e9e st\u00e9atite"},"content":{"rendered":"<p>texto largo no usar<\/p>\n","protected":false},"excerpt":{"rendered":"<p>St\u00e9atite BETA-221, type KER 221, conforme \u00e0 la norme DIN 40685. Il s\u2019agit de pi\u00e8ces ultrasolides, aux excellentes propri\u00e9t\u00e9s \u00e9lectriques, et tr\u00e8s stables \u00e0 haute temp\u00e9rature, principalement utilis\u00e9es pour isoler des conducteurs.<\/p>\n","protected":false},"featured_media":1220,"comment_status":"open","ping_status":"closed","template":"","meta":[],"product_cat":[88],"product_tag":[91,92],"acf":[],"_links":{"self":[{"href":"https:\/\/comercialcobra.com\/fr\/wp-json\/wp\/v2\/product\/1752"}],"collection":[{"href":"https:\/\/comercialcobra.com\/fr\/wp-json\/wp\/v2\/product"}],"about":[{"href":"https:\/\/comercialcobra.com\/fr\/wp-json\/wp\/v2\/types\/product"}],"replies":[{"embeddable":true,"href":"https:\/\/comercialcobra.com\/fr\/wp-json\/wp\/v2\/comments?post=1752"}],"wp:featuredmedia":[{"embeddable":true,"href":"https:\/\/comercialcobra.com\/fr\/wp-json\/wp\/v2\/media\/1220"}],"wp:attachment":[{"href":"https:\/\/comercialcobra.com\/fr\/wp-json\/wp\/v2\/media?parent=1752"}],"wp:term":[{"taxonomy":"product_cat","embeddable":true,"href":"https:\/\/comercialcobra.com\/fr\/wp-json\/wp\/v2\/product_cat?post=1752"},{"taxonomy":"product_tag","embeddable":true,"href":"https:\/\/comercialcobra.com\/fr\/wp-json\/wp\/v2\/product_tag?post=1752"}],"curies":[{"name":"wp","href":"https:\/\/api.w.org\/{rel}","templated":true}]}}