{"id":1615,"date":"2021-02-12T10:33:38","date_gmt":"2021-02-12T10:33:38","guid":{"rendered":"https:\/\/comercialcobra.com\/Sense%20categoria\/cavallets-ceramica-industrial\/"},"modified":"2021-08-09T08:49:07","modified_gmt":"2021-08-09T08:49:07","slug":"cavallets-ceramica-industrial","status":"publish","type":"product","link":"https:\/\/comercialcobra.com\/ca\/cataleg\/cavallets-ceramica-industrial\/","title":{"rendered":"Cavallets"},"content":{"rendered":"<p>texto largo no usar<\/p>\n","protected":false},"excerpt":{"rendered":"<div>\n<div class=\"WordSection1\">\n<div class=\"\"><span class=\"\">A les f\u00e0briques dels nostres col\u00b7laboradors realitzem els productes cer\u00e0mics segons el disseny del client. D\u2019acord amb les seves especificacions, i amb tota mena de requisits i detalls. Ens encarreguem de l\u2019elaboraci\u00f3 de peces des de la fase inicial i prototipat, fins a la producci\u00f3 en s\u00e8rie.<\/span><\/div>\n<\/div>\n<\/div>\n","protected":false},"featured_media":1142,"comment_status":"open","ping_status":"closed","template":"","meta":[],"product_cat":[51],"product_tag":[52,66,68],"acf":[],"_links":{"self":[{"href":"https:\/\/comercialcobra.com\/ca\/wp-json\/wp\/v2\/product\/1615"}],"collection":[{"href":"https:\/\/comercialcobra.com\/ca\/wp-json\/wp\/v2\/product"}],"about":[{"href":"https:\/\/comercialcobra.com\/ca\/wp-json\/wp\/v2\/types\/product"}],"replies":[{"embeddable":true,"href":"https:\/\/comercialcobra.com\/ca\/wp-json\/wp\/v2\/comments?post=1615"}],"wp:featuredmedia":[{"embeddable":true,"href":"https:\/\/comercialcobra.com\/ca\/wp-json\/wp\/v2\/media\/1142"}],"wp:attachment":[{"href":"https:\/\/comercialcobra.com\/ca\/wp-json\/wp\/v2\/media?parent=1615"}],"wp:term":[{"taxonomy":"product_cat","embeddable":true,"href":"https:\/\/comercialcobra.com\/ca\/wp-json\/wp\/v2\/product_cat?post=1615"},{"taxonomy":"product_tag","embeddable":true,"href":"https:\/\/comercialcobra.com\/ca\/wp-json\/wp\/v2\/product_tag?post=1615"}],"curies":[{"name":"wp","href":"https:\/\/api.w.org\/{rel}","templated":true}]}}