{"id":1613,"date":"2021-02-14T21:02:54","date_gmt":"2021-02-14T21:02:54","guid":{"rendered":"https:\/\/comercialcobra.com\/Sense%20categoria\/politges-ceramica\/"},"modified":"2021-07-19T14:55:32","modified_gmt":"2021-07-19T14:55:32","slug":"politges-ceramica","status":"publish","type":"product","link":"https:\/\/comercialcobra.com\/ca\/cataleg\/politges-ceramica\/","title":{"rendered":"Politges"},"content":{"rendered":"<p>texto largo no usar<\/p>\n","protected":false},"excerpt":{"rendered":"<p>Peces fabricades en esteatita BETA-221, tipus KER 221, segons DIN 40685 &#8211; EN 60672, de superf\u00edcies llises, amb un acabat perfecte. Material de gran resist\u00e8ncia mec\u00e0nica i sense absorci\u00f3 d&#8217;humitat. \u00c9s indicat per als a\u00efllants de conductors que operen a temperatures que no admeten altre tipus d&#8217;a\u00efllaments.<\/p>\n","protected":false},"featured_media":1214,"comment_status":"open","ping_status":"closed","template":"","meta":[],"product_cat":[51],"product_tag":[65],"acf":[],"_links":{"self":[{"href":"https:\/\/comercialcobra.com\/ca\/wp-json\/wp\/v2\/product\/1613"}],"collection":[{"href":"https:\/\/comercialcobra.com\/ca\/wp-json\/wp\/v2\/product"}],"about":[{"href":"https:\/\/comercialcobra.com\/ca\/wp-json\/wp\/v2\/types\/product"}],"replies":[{"embeddable":true,"href":"https:\/\/comercialcobra.com\/ca\/wp-json\/wp\/v2\/comments?post=1613"}],"wp:featuredmedia":[{"embeddable":true,"href":"https:\/\/comercialcobra.com\/ca\/wp-json\/wp\/v2\/media\/1214"}],"wp:attachment":[{"href":"https:\/\/comercialcobra.com\/ca\/wp-json\/wp\/v2\/media?parent=1613"}],"wp:term":[{"taxonomy":"product_cat","embeddable":true,"href":"https:\/\/comercialcobra.com\/ca\/wp-json\/wp\/v2\/product_cat?post=1613"},{"taxonomy":"product_tag","embeddable":true,"href":"https:\/\/comercialcobra.com\/ca\/wp-json\/wp\/v2\/product_tag?post=1613"}],"curies":[{"name":"wp","href":"https:\/\/api.w.org\/{rel}","templated":true}]}}