{"id":1530,"date":"2021-07-07T08:28:34","date_gmt":"2021-07-07T08:28:34","guid":{"rendered":"https:\/\/comercialcobra.com\/aplicacions-industrials\/"},"modified":"2021-10-20T13:34:31","modified_gmt":"2021-10-20T13:34:31","slug":"aplicacions-industrials","status":"publish","type":"page","link":"https:\/\/comercialcobra.com\/ca\/aplicacions-industrials\/","title":{"rendered":"Aplicacions Industrials"},"content":{"rendered":"\t\t<div data-elementor-type=\"wp-page\" data-elementor-id=\"1530\" class=\"elementor elementor-1530 elementor-693\">\n\t\t\t\t\t\t<div class=\"elementor-inner\">\n\t\t\t\t<div class=\"elementor-section-wrap\">\n\t\t\t\t\t\t\t\t\t<section class=\"has_eae_slider elementor-section elementor-top-section elementor-element elementor-element-8de3914 elementor-section-boxed elementor-section-height-default elementor-section-height-default\" data-id=\"8de3914\" data-element_type=\"section\">\n\t\t\t\t\t\t<div class=\"elementor-container elementor-column-gap-default\">\n\t\t\t\t\t\t\t<div class=\"elementor-row\">\n\t\t\t\t\t<div class=\"has_eae_slider elementor-column elementor-col-100 elementor-top-column elementor-element elementor-element-5b6678e\" data-id=\"5b6678e\" data-element_type=\"column\">\n\t\t\t<div class=\"elementor-column-wrap elementor-element-populated\">\n\t\t\t\t\t\t\t<div class=\"elementor-widget-wrap\">\n\t\t\t\t\t\t<div class=\"elementor-element elementor-element-78e64d5 elementor-widget elementor-widget-heading\" data-id=\"78e64d5\" data-element_type=\"widget\" data-widget_type=\"heading.default\">\n\t\t\t\t<div class=\"elementor-widget-container\">\n\t\t\t<h1 class=\"elementor-heading-title elementor-size-default\">APLICACIONS INDUSTRIALS<\/h1>\t\t<\/div>\n\t\t\t\t<\/div>\n\t\t\t\t<div class=\"elementor-element elementor-element-50f856a elementor-widget-divider--view-line elementor-invisible elementor-widget elementor-widget-divider\" data-id=\"50f856a\" data-element_type=\"widget\" data-settings=\"{&quot;_animation&quot;:&quot;zoomIn&quot;}\" data-widget_type=\"divider.default\">\n\t\t\t\t<div class=\"elementor-widget-container\">\n\t\t\t\t\t<div class=\"elementor-divider\">\n\t\t\t<span class=\"elementor-divider-separator\">\n\t\t\t\t\t\t<\/span>\n\t\t<\/div>\n\t\t\t\t<\/div>\n\t\t\t\t<\/div>\n\t\t\t\t\t\t<\/div>\n\t\t\t\t\t<\/div>\n\t\t<\/div>\n\t\t\t\t\t\t\t\t<\/div>\n\t\t\t\t\t<\/div>\n\t\t<\/section>\n\t\t\t\t<section class=\"has_eae_slider elementor-section elementor-top-section elementor-element elementor-element-3bfccc4 elementor-reverse-tablet elementor-reverse-mobile elementor-section-boxed elementor-section-height-default elementor-section-height-default\" data-id=\"3bfccc4\" data-element_type=\"section\">\n\t\t\t\t\t\t<div class=\"elementor-container elementor-column-gap-default\">\n\t\t\t\t\t\t\t<div class=\"elementor-row\">\n\t\t\t\t\t<div class=\"has_eae_slider elementor-column elementor-col-50 elementor-top-column elementor-element elementor-element-fcdc27d\" data-id=\"fcdc27d\" data-element_type=\"column\">\n\t\t\t<div class=\"elementor-column-wrap elementor-element-populated\">\n\t\t\t\t\t\t\t<div class=\"elementor-widget-wrap\">\n\t\t\t\t\t\t<div class=\"elementor-element elementor-element-33b3ae5 elementor-widget elementor-widget-heading\" data-id=\"33b3ae5\" data-element_type=\"widget\" data-widget_type=\"heading.default\">\n\t\t\t\t<div class=\"elementor-widget-container\">\n\t\t\t<h2 class=\"elementor-heading-title elementor-size-default\">IND\u00daSTRIA I LLAR<\/h2>\t\t<\/div>\n\t\t\t\t<\/div>\n\t\t\t\t<div class=\"elementor-element elementor-element-8e1f86c elementor-widget-divider--view-line elementor-invisible elementor-widget elementor-widget-divider\" data-id=\"8e1f86c\" data-element_type=\"widget\" data-settings=\"{&quot;_animation&quot;:&quot;fadeInDown&quot;}\" data-widget_type=\"divider.default\">\n\t\t\t\t<div class=\"elementor-widget-container\">\n\t\t\t\t\t<div class=\"elementor-divider\">\n\t\t\t<span class=\"elementor-divider-separator\">\n\t\t\t\t\t\t<\/span>\n\t\t<\/div>\n\t\t\t\t<\/div>\n\t\t\t\t<\/div>\n\t\t\t\t<div class=\"elementor-element elementor-element-b6483e3 elementor-widget elementor-widget-text-editor\" data-id=\"b6483e3\" data-element_type=\"widget\" data-widget_type=\"text-editor.default\">\n\t\t\t\t<div class=\"elementor-widget-container\">\n\t\t\t\t\t\t\t\t<div class=\"elementor-text-editor elementor-clearfix\">\n\t\t\t\t<p>L&#8217;\u00fas de la cer\u00e0mica t\u00e8cnica per a la producci\u00f3 industrial est\u00e0 en constant auge.<\/p>\n<p>La durabilitat i resist\u00e8ncia d&#8217;aquest material ha fet que s&#8217;ampli\u00ef la tipologia de productes en qu\u00e8 s&#8217;utilitza, fins a esdevenir una part important i imprescindible en la fabricaci\u00f3 de molts aparells que fem servir de manera habitual, tant a nivell industrial, en les empreses , com a nivell particular i en la pr\u00f2pia llar. Autom\u00f2bils, f\u00e0briques t\u00e8xtils, farmac\u00e8utiques, electrodom\u00e8stics i una llarga llista d&#8217;elements alberguen peces de cer\u00e0mica.<\/p>\n\t\t\t\t\t<\/div>\n\t\t\t\t\t\t<\/div>\n\t\t\t\t<\/div>\n\t\t\t\t\t\t<\/div>\n\t\t\t\t\t<\/div>\n\t\t<\/div>\n\t\t\t\t<div class=\"has_eae_slider elementor-column elementor-col-50 elementor-top-column elementor-element elementor-element-517eff2\" data-id=\"517eff2\" data-element_type=\"column\">\n\t\t\t<div class=\"elementor-column-wrap elementor-element-populated\">\n\t\t\t\t\t\t\t<div class=\"elementor-widget-wrap\">\n\t\t\t\t\t\t<div class=\"elementor-element elementor-element-e505e18 elementor-widget elementor-widget-image\" data-id=\"e505e18\" data-element_type=\"widget\" data-widget_type=\"image.default\">\n\t\t\t\t<div class=\"elementor-widget-container\">\n\t\t\t\t\t\t\t\t<div class=\"elementor-image\">\n\t\t\t\t\t\t\t\t\t\t\t\t<img decoding=\"async\" width=\"500\" height=\"439\" src=\"https:\/\/comercialcobra.com\/wp-content\/uploads\/2021\/03\/industria-piezas-ceramica.webp\" class=\"attachment-full size-full\" alt=\"\" loading=\"lazy\" \/>\t\t\t\t\t\t\t\t\t\t\t\t\t\t<\/div>\n\t\t\t\t\t\t<\/div>\n\t\t\t\t<\/div>\n\t\t\t\t\t\t<\/div>\n\t\t\t\t\t<\/div>\n\t\t<\/div>\n\t\t\t\t\t\t\t\t<\/div>\n\t\t\t\t\t<\/div>\n\t\t<\/section>\n\t\t\t\t<section class=\"has_eae_slider elementor-section elementor-top-section elementor-element elementor-element-2f91e2a elementor-section-boxed elementor-section-height-default elementor-section-height-default\" data-id=\"2f91e2a\" data-element_type=\"section\">\n\t\t\t\t\t\t<div class=\"elementor-container elementor-column-gap-default\">\n\t\t\t\t\t\t\t<div class=\"elementor-row\">\n\t\t\t\t\t<div class=\"has_eae_slider elementor-column elementor-col-50 elementor-top-column elementor-element elementor-element-bb27597\" data-id=\"bb27597\" data-element_type=\"column\">\n\t\t\t<div class=\"elementor-column-wrap elementor-element-populated\">\n\t\t\t\t\t\t\t<div class=\"elementor-widget-wrap\">\n\t\t\t\t\t\t<div class=\"elementor-element elementor-element-c1c5203 elementor-widget elementor-widget-text-editor\" data-id=\"c1c5203\" data-element_type=\"widget\" data-widget_type=\"text-editor.default\">\n\t\t\t\t<div class=\"elementor-widget-container\">\n\t\t\t\t\t\t\t\t<div class=\"elementor-text-editor elementor-clearfix\">\n\t\t\t\t<h5><strong>Sectors industrials:<\/strong><\/h5><ul><li>Ind\u00fastries el\u00e8ctriques: a\u00eflladors, portal\u00e0mpades, fusibles&#8230;<\/li><li>Ind\u00fastries automobil\u00edstiques: pin\u00e7a de contacte i passacables per sonda lambda d&#8217;automoci\u00f3 i suports del catalitzador.<\/li><li>Ind\u00fastries electr\u00f2niques: Substrats de circuits integrats, dissipadors de calor cer\u00e0mics.<\/li><li>Vaixells, ferrocarril, metro i tramvia: resist\u00e8ncies de pot\u00e8ncia: tracci\u00f3, posada a terra, e\u00f2liques (CROWBAR, CHOPPER)&#8230;<\/li><li>Ind\u00fastries de resist\u00e8ncies: Calefactors, termos, resist\u00e8ncia amb aletes, brida (flautes) escalfament d\u2019aire, terminals per a resist\u00e8ncia de cartutx d\u2019alta i baixa c\u00e0rrega, bobines, cimentades i vitrificades, resist\u00e8ncies de frenat i formes especials.<\/li><li>Aplicacions mediambientals i d&#8217;enginyeria t\u00e8rmica:\u00a0<span lang=\"CA\">candeles i tubs de cordierita amb m\u00faltiples orificis<\/span>, Biomassa.<\/li><li>Ind\u00fastries de pintura: les boles i els maons d&#8217;esteatita s&#8217;utilitzen en les ind\u00fastries de la pintura i la cer\u00e0mica, com a mitjans de polit i maons de revestiment.<\/li><li>A\u00eflladors i cer\u00e0mica t\u00e8cnica, per a les ind\u00fastries pl\u00e0stiques, qu\u00edmiques i de calefacci\u00f3: Plaques de motor, perlines protectores de cable&#8230;<\/li><li>Material de fosa i de soldadura.<\/li><\/ul>\t\t\t\t\t<\/div>\n\t\t\t\t\t\t<\/div>\n\t\t\t\t<\/div>\n\t\t\t\t\t\t<\/div>\n\t\t\t\t\t<\/div>\n\t\t<\/div>\n\t\t\t\t<div class=\"has_eae_slider elementor-column elementor-col-50 elementor-top-column elementor-element elementor-element-d234dd0\" data-id=\"d234dd0\" data-element_type=\"column\">\n\t\t\t<div class=\"elementor-column-wrap elementor-element-populated\">\n\t\t\t\t\t\t\t<div class=\"elementor-widget-wrap\">\n\t\t\t\t\t\t<div class=\"elementor-element elementor-element-c42c28b elementor-widget elementor-widget-text-editor\" data-id=\"c42c28b\" data-element_type=\"widget\" data-widget_type=\"text-editor.default\">\n\t\t\t\t<div class=\"elementor-widget-container\">\n\t\t\t\t\t\t\t\t<div class=\"elementor-text-editor elementor-clearfix\">\n\t\t\t\t<h5><strong>Peces de cer\u00e0mica en multitud de productes:<\/strong><strong style=\"font-family: inherit; font-style: inherit; color: var( --e-global-color-text );\">:<\/strong><\/h5><ul><li>Escalfadors de gas, infrarojos.<\/li><li>Aquaris.<\/li><li>Motors.<\/li><li>Resist\u00e8ncies: frenada, bobinat, esmaltades.<\/li><li>Forns: revestiment, protectors i suports.<\/li><li>Accessoris de cuina, assecadora, bullidor, cafetera, forn.<\/li><li>Escalfadors de cer\u00e0mica semicil\u00edndrics.<\/li><li>Fabricaci\u00f3 de paper: deshidrataci\u00f3.<\/li><li>Trefilatge, guia de fil.<\/li><li>Fosa i metal\u00b7l\u00fargia.<\/li><li>Cremadors.<\/li><li>Fusibles, disjuntors.<\/li><li>Aixetes monocomandament.<\/li><li>Gresols.<\/li><li>C\u00e8rcols de potenci\u00f2metre, transistors de pot\u00e8ncia.<\/li><li>Soldadors el\u00e8ctrics.<\/li><li>Font d&#8217;alimentaci\u00f3 d&#8217;alta freq\u00fc\u00e8ncia.<\/li><li>Maquin\u00e0ria i equips mec\u00e0nics.<\/li><li>Suports i tubs per a elements calefactors.<\/li><li>Termoparells i term\u00f2stats.<\/li><li>Emissi\u00f3 de frag\u00e0ncies i insecticides.<\/li><\/ul>\t\t\t\t\t<\/div>\n\t\t\t\t\t\t<\/div>\n\t\t\t\t<\/div>\n\t\t\t\t\t\t<\/div>\n\t\t\t\t\t<\/div>\n\t\t<\/div>\n\t\t\t\t\t\t\t\t<\/div>\n\t\t\t\t\t<\/div>\n\t\t<\/section>\n\t\t\t\t<section class=\"has_eae_slider elementor-section elementor-top-section elementor-element elementor-element-1088a0f elementor-section-boxed elementor-section-height-default elementor-section-height-default\" data-id=\"1088a0f\" data-element_type=\"section\" data-settings=\"{&quot;background_background&quot;:&quot;classic&quot;}\">\n\t\t\t\t\t\t<div class=\"elementor-container elementor-column-gap-default\">\n\t\t\t\t\t\t\t<div class=\"elementor-row\">\n\t\t\t\t\t<div class=\"has_eae_slider elementor-column elementor-col-50 elementor-top-column elementor-element elementor-element-3503b18\" data-id=\"3503b18\" data-element_type=\"column\">\n\t\t\t<div class=\"elementor-column-wrap elementor-element-populated\">\n\t\t\t\t\t\t\t<div class=\"elementor-widget-wrap\">\n\t\t\t\t\t\t<div class=\"elementor-element elementor-element-9cb4d1a elementor-widget elementor-widget-heading\" data-id=\"9cb4d1a\" data-element_type=\"widget\" data-settings=\"{&quot;_animation&quot;:&quot;none&quot;}\" data-widget_type=\"heading.default\">\n\t\t\t\t<div class=\"elementor-widget-container\">\n\t\t\t<h4 class=\"elementor-heading-title elementor-size-default\">Com contactar-nos?<\/h4>\t\t<\/div>\n\t\t\t\t<\/div>\n\t\t\t\t<div class=\"elementor-element elementor-element-a7e83a1 elementor-widget elementor-widget-text-editor\" data-id=\"a7e83a1\" data-element_type=\"widget\" data-widget_type=\"text-editor.default\">\n\t\t\t\t<div class=\"elementor-widget-container\">\n\t\t\t\t\t\t\t\t<div class=\"elementor-text-editor elementor-clearfix\">\n\t\t\t\t<p>Grassot, 65<\/p><p>08025 Barcelona (Espa\u00f1a)<\/p><p><a href=\"tel:931831535\">+34 931 831 535<\/a><\/p><p><a href=\"mailto:cobra@comercialcobra.com\">cobra@comercialcobra.com<\/a><\/p>\t\t\t\t\t<\/div>\n\t\t\t\t\t\t<\/div>\n\t\t\t\t<\/div>\n\t\t\t\t<div class=\"elementor-element elementor-element-e96ead5 elementor-align-center animated-slow elementor-widget elementor-widget-button\" data-id=\"e96ead5\" data-element_type=\"widget\" data-settings=\"{&quot;_animation&quot;:&quot;none&quot;,&quot;_animation_delay&quot;:1000}\" data-widget_type=\"button.default\">\n\t\t\t\t<div class=\"elementor-widget-container\">\n\t\t\t\t\t<div class=\"elementor-button-wrapper\">\n\t\t\t<a href=\"\/ca\/\/contacte\/\" class=\"elementor-button-link elementor-button elementor-size-sm elementor-animation-push\" role=\"button\">\n\t\t\t\t\t\t<span class=\"elementor-button-content-wrapper\">\n\t\t\t\t\t\t<span class=\"elementor-button-text\">Contacti\u2019ns <\/span>\n\t\t<\/span>\n\t\t\t\t\t<\/a>\n\t\t<\/div>\n\t\t\t\t<\/div>\n\t\t\t\t<\/div>\n\t\t\t\t\t\t<\/div>\n\t\t\t\t\t<\/div>\n\t\t<\/div>\n\t\t\t\t<div class=\"has_eae_slider elementor-column elementor-col-50 elementor-top-column elementor-element elementor-element-49cabe6\" data-id=\"49cabe6\" data-element_type=\"column\">\n\t\t\t<div class=\"elementor-column-wrap elementor-element-populated\">\n\t\t\t\t\t\t\t<div class=\"elementor-widget-wrap\">\n\t\t\t\t\t\t<div class=\"elementor-element elementor-element-c8ec749 elementor-widget elementor-widget-wts-gmap\" data-id=\"c8ec749\" data-element_type=\"widget\" data-widget_type=\"wts-gmap.default\">\n\t\t\t\t<div class=\"elementor-widget-container\">\n\t\t\t\t\t\t<div class=\"eae-markers\" data-zoom=\"16\" data-style=\"[\n    {\n        &quot;featureType&quot;: &quot;water&quot;,\n        &quot;elementType&quot;: &quot;geometry&quot;,\n        &quot;stylers&quot;: [\n            {\n                &quot;color&quot;: &quot;#e9e9e9&quot;\n            },\n            {\n                &quot;lightness&quot;: 17\n            }\n        ]\n    },\n    {\n        &quot;featureType&quot;: &quot;landscape&quot;,\n        &quot;elementType&quot;: &quot;geometry&quot;,\n        &quot;stylers&quot;: [\n            {\n                &quot;color&quot;: &quot;#f5f5f5&quot;\n            },\n            {\n                &quot;lightness&quot;: 20\n            }\n        ]\n    },\n    {\n        &quot;featureType&quot;: &quot;road.highway&quot;,\n        &quot;elementType&quot;: &quot;geometry.fill&quot;,\n        &quot;stylers&quot;: [\n            {\n                &quot;color&quot;: &quot;#ffffff&quot;\n            },\n            {\n                &quot;lightness&quot;: 17\n            }\n        ]\n    },\n    {\n        &quot;featureType&quot;: &quot;road.highway&quot;,\n        &quot;elementType&quot;: &quot;geometry.stroke&quot;,\n        &quot;stylers&quot;: [\n            {\n                &quot;color&quot;: &quot;#ffffff&quot;\n            },\n            {\n                &quot;lightness&quot;: 29\n            },\n            {\n                &quot;weight&quot;: 0.2\n            }\n        ]\n    },\n    {\n        &quot;featureType&quot;: &quot;road.arterial&quot;,\n        &quot;elementType&quot;: &quot;geometry&quot;,\n        &quot;stylers&quot;: [\n            {\n                &quot;color&quot;: &quot;#ffffff&quot;\n            },\n            {\n                &quot;lightness&quot;: 18\n            }\n        ]\n    },\n    {\n        &quot;featureType&quot;: &quot;road.local&quot;,\n        &quot;elementType&quot;: &quot;geometry&quot;,\n        &quot;stylers&quot;: [\n            {\n                &quot;color&quot;: &quot;#ffffff&quot;\n            },\n            {\n                &quot;lightness&quot;: 16\n            }\n        ]\n    },\n    {\n        &quot;featureType&quot;: &quot;poi&quot;,\n        &quot;elementType&quot;: &quot;geometry&quot;,\n        &quot;stylers&quot;: [\n            {\n                &quot;color&quot;: &quot;#f5f5f5&quot;\n            },\n            {\n                &quot;lightness&quot;: 21\n            }\n        ]\n    },\n    {\n        &quot;featureType&quot;: &quot;poi.park&quot;,\n        &quot;elementType&quot;: &quot;geometry&quot;,\n        &quot;stylers&quot;: [\n            {\n                &quot;color&quot;: &quot;#dedede&quot;\n            },\n            {\n                &quot;lightness&quot;: 21\n            }\n        ]\n    },\n    {\n        &quot;elementType&quot;: &quot;labels.text.stroke&quot;,\n        &quot;stylers&quot;: [\n            {\n                &quot;visibility&quot;: &quot;on&quot;\n            },\n            {\n                &quot;color&quot;: &quot;#ffffff&quot;\n            },\n            {\n                &quot;lightness&quot;: 16\n            }\n        ]\n    },\n    {\n        &quot;elementType&quot;: &quot;labels.text.fill&quot;,\n        &quot;stylers&quot;: [\n            {\n                &quot;saturation&quot;: 36\n            },\n            {\n                &quot;color&quot;: &quot;#333333&quot;\n            },\n            {\n                &quot;lightness&quot;: 40\n            }\n        ]\n    },\n    {\n        &quot;elementType&quot;: &quot;labels.icon&quot;,\n        &quot;stylers&quot;: [\n            {\n                &quot;visibility&quot;: &quot;off&quot;\n            }\n        ]\n    },\n    {\n        &quot;featureType&quot;: &quot;transit&quot;,\n        &quot;elementType&quot;: &quot;geometry&quot;,\n        &quot;stylers&quot;: [\n            {\n                &quot;color&quot;: &quot;#f2f2f2&quot;\n            },\n            {\n                &quot;lightness&quot;: 19\n            }\n        ]\n    },\n    {\n        &quot;featureType&quot;: &quot;administrative&quot;,\n        &quot;elementType&quot;: &quot;geometry.fill&quot;,\n        &quot;stylers&quot;: [\n            {\n                &quot;color&quot;: &quot;#fefefe&quot;\n            },\n            {\n                &quot;lightness&quot;: 20\n            }\n        ]\n    },\n    {\n        &quot;featureType&quot;: &quot;administrative&quot;,\n        &quot;elementType&quot;: &quot;geometry.stroke&quot;,\n        &quot;stylers&quot;: [\n            {\n                &quot;color&quot;: &quot;#fefefe&quot;\n            },\n            {\n                &quot;lightness&quot;: 17\n            },\n            {\n                &quot;weight&quot;: 1.2\n            }\n        ]\n    }\n]\" data-animate=\"animate-yes\">\n\t\t\t\t\t\t\t<div class=\"marker\" data-lng=\"2.166360\" data-lat=\"41.404340\" data-icon=\"https:\/\/comercialcobra.com\/wp-content\/uploads\/2020\/12\/logo-1x1-1.webp\" data-icon-size=\"30\" data-info-window=\"\">\n\t\t\t\t\t<a href=\"https:\/\/www.google.com\/maps\/place\/Comercial+Cobra+SL\/@41.4043316,2.1641839,17z\/data=!3m1!4b1!4m5!3m4!1s0x12a4a2c0e926f9ff:0xb86a5a520e8a8e1b!8m2!3d41.4043316!4d2.1663726\" rel=\"nofollow noopener\" target=\"_blank\"><img decoding=\"async\" loading=\"lazy\" class=\"aligncenter wp-image-47\" src=\"https:\/\/comercialcobra.com\/wp-content\/uploads\/2020\/12\/logo-1x1-1.webp\" alt=\"\" width=\"66\" height=\"70\" \/><\/a><a href=\"https:\/\/www.google.com\/maps\/place\/Comercial+Cobra+SL\/@41.4043316,2.1641839,17z\/data=!3m1!4b1!4m5!3m4!1s0x12a4a2c0e926f9ff:0xb86a5a520e8a8e1b!8m2!3d41.4043316!4d2.1663726\" rel=\"nofollow noopener\" target=\"_blank\"><em><strong>COMERCIAL COBRA<\/strong><\/em>\n<br>\nGrassot, 65 08025 Barcelona (Espa\u00f1a)<\/a>\t\t\t\t<\/div>\n\t\t\t\t\t\t\t<\/div>\n\t\t\t\t\t<\/div>\n\t\t\t\t<\/div>\n\t\t\t\t\t\t<\/div>\n\t\t\t\t\t<\/div>\n\t\t<\/div>\n\t\t\t\t\t\t\t\t<\/div>\n\t\t\t\t\t<\/div>\n\t\t<\/section>\n\t\t\t\t\t\t\t\t\t<\/div>\n\t\t\t<\/div>\n\t\t\t\t\t<\/div>\n\t\t","protected":false},"excerpt":{"rendered":"<p>APLICACIONS INDUSTRIALS IND\u00daSTRIA I LLAR L&#8217;\u00fas de la cer\u00e0mica t\u00e8cnica per a la producci\u00f3 industrial est\u00e0 en constant auge. La durabilitat i resist\u00e8ncia d&#8217;aquest material ha fet que s&#8217;ampli\u00ef la tipologia de productes en qu\u00e8 s&#8217;utilitza, fins a esdevenir una part important i imprescindible en la fabricaci\u00f3 de molts aparells que fem servir de manera &#8230; <a title=\"Aplicacions Industrials\" class=\"read-more\" href=\"https:\/\/comercialcobra.com\/ca\/aplicacions-industrials\/\" aria-label=\"M\u00e9s sobre Aplicacions Industrials\">Llegiu m\u00e9s<\/a><\/p>\n","protected":false},"author":2,"featured_media":0,"parent":0,"menu_order":0,"comment_status":"closed","ping_status":"closed","template":"elementor_header_footer","meta":[],"acf":[],"_links":{"self":[{"href":"https:\/\/comercialcobra.com\/ca\/wp-json\/wp\/v2\/pages\/1530"}],"collection":[{"href":"https:\/\/comercialcobra.com\/ca\/wp-json\/wp\/v2\/pages"}],"about":[{"href":"https:\/\/comercialcobra.com\/ca\/wp-json\/wp\/v2\/types\/page"}],"author":[{"embeddable":true,"href":"https:\/\/comercialcobra.com\/ca\/wp-json\/wp\/v2\/users\/2"}],"replies":[{"embeddable":true,"href":"https:\/\/comercialcobra.com\/ca\/wp-json\/wp\/v2\/comments?post=1530"}],"version-history":[{"count":0,"href":"https:\/\/comercialcobra.com\/ca\/wp-json\/wp\/v2\/pages\/1530\/revisions"}],"wp:attachment":[{"href":"https:\/\/comercialcobra.com\/ca\/wp-json\/wp\/v2\/media?parent=1530"}],"curies":[{"name":"wp","href":"https:\/\/api.w.org\/{rel}","templated":true}]}}